{"id":8192,"date":"2023-08-01T10:44:02","date_gmt":"2023-08-01T14:44:02","guid":{"rendered":"https:\/\/us.infomir.store\/product\/mag544w3-paquete-x50\/"},"modified":"2023-08-01T10:44:02","modified_gmt":"2023-08-01T14:44:02","slug":"mag544w3-paquete-x50","status":"publish","type":"product","link":"https:\/\/us.infomir.store\/es\/producto\/mag544w3-paquete-x50\/","title":{"rendered":"MAG544w3 paquete x50"},"content":{"rendered":"<p><span style=\"font-weight: 400\">El MAG544w3 es un descodificador Linux moderno y potente que permite a los operadores de IPTV\/OTT ofrecer a sus abonados la mejor experiencia de usuario.  <\/span><\/p>\n<p><span style=\"font-weight: 400\">El hardware y el software del aparato permiten la reproducci\u00f3n sin retrasos de contenidos en alta calidad, incluso a bajas velocidades de conexi\u00f3n a Internet. Adem\u00e1s, el descodificador no necesita reiniciarse con regularidad: el MAG544w3 puede funcionar sin reiniciarse durante varios meses. Este rendimiento est\u00e1 garantizado por el chipset Amlogic S905Y4, el procesador de cuatro n\u00facleos ARM Cortex-A35 y el sistema operativo Linux.    <\/span><\/p>\n<p><span style=\"font-weight: 400\">El descodificador reproduce todos los formatos de v\u00eddeo actuales, es compatible con la tecnolog\u00eda 4K HDR y sonido Dolby Digital Plus\u2122 de ocho canales, mientras que la inclusi\u00f3n de dos puertos USB permite a los usuarios ver contenidos desde soportes extra\u00edbles y conectar otros perif\u00e9ricos.<\/span><\/p>\n<p><span style=\"font-weight: 400\">El MAG544w3 ofrece dos opciones de conexi\u00f3n a la red: Cable Ethernet y Wi-Fi. El descodificador incluye un mando a distancia por infrarrojos programable que puede configurarse opcionalmente para controlar hasta cuatro dispositivos dom\u00e9sticos. <\/span><\/p>\n<p><span style=\"font-weight: 400\">Si quieres saber m\u00e1s sobre el modelo o pedir un paquete de cincuenta descodificadores, ponte en contacto con nuestro gestor.<\/span><\/p>\n<p>&nbsp;<\/p>\n<p><span style=\"font-weight: 400;color: red\">*Infomir no distribuye, emite ni proporciona de ning\u00fan otro modo contenidos de televisi\u00f3n o v\u00eddeo.<\/span><\/p>\n","protected":false},"excerpt":{"rendered":"<p><span style=\"font-weight: 400;\">Linux 4.9, chipset Amlogic S905Y4-B, compatibilidad con 4K y HEVC, m\u00f3dulo Wi-Fi<\/span><\/p>\n","protected":false},"featured_media":8194,"comment_status":"closed","ping_status":"closed","template":"","meta":{"_acf_changed":false,"om_disable_all_campaigns":false,"_monsterinsights_skip_tracking":false,"_monsterinsights_sitenote_active":false,"_monsterinsights_sitenote_note":"","_monsterinsights_sitenote_category":0},"product_brand":[],"product_cat":[79],"product_tag":[84,86,85],"class_list":{"0":"post-8192","1":"product","2":"type-product","3":"status-publish","4":"has-post-thumbnail","6":"product_cat-descodificadores-al-por-mayor","7":"product_tag-4k-es","8":"product_tag-linux-es","9":"product_tag-wi-fi-es","10":"product_shipping_class-gratis","12":"first","13":"instock","14":"sale","15":"taxable","16":"shipping-taxable","17":"purchasable","18":"product-type-simple"},"acf":[],"aioseo_notices":[],"_links":{"self":[{"href":"https:\/\/us.infomir.store\/es\/wp-json\/wp\/v2\/product\/8192","targetHints":{"allow":["GET"]}}],"collection":[{"href":"https:\/\/us.infomir.store\/es\/wp-json\/wp\/v2\/product"}],"about":[{"href":"https:\/\/us.infomir.store\/es\/wp-json\/wp\/v2\/types\/product"}],"replies":[{"embeddable":true,"href":"https:\/\/us.infomir.store\/es\/wp-json\/wp\/v2\/comments?post=8192"}],"wp:featuredmedia":[{"embeddable":true,"href":"https:\/\/us.infomir.store\/es\/wp-json\/wp\/v2\/media\/8194"}],"wp:attachment":[{"href":"https:\/\/us.infomir.store\/es\/wp-json\/wp\/v2\/media?parent=8192"}],"wp:term":[{"taxonomy":"product_brand","embeddable":true,"href":"https:\/\/us.infomir.store\/es\/wp-json\/wp\/v2\/product_brand?post=8192"},{"taxonomy":"product_cat","embeddable":true,"href":"https:\/\/us.infomir.store\/es\/wp-json\/wp\/v2\/product_cat?post=8192"},{"taxonomy":"product_tag","embeddable":true,"href":"https:\/\/us.infomir.store\/es\/wp-json\/wp\/v2\/product_tag?post=8192"}],"curies":[{"name":"wp","href":"https:\/\/api.w.org\/{rel}","templated":true}]}}