{"id":8181,"date":"2023-08-01T10:26:58","date_gmt":"2023-08-01T14:26:58","guid":{"rendered":"https:\/\/us.infomir.store\/product\/mag544w3-paquete-x20\/"},"modified":"2023-08-01T10:26:58","modified_gmt":"2023-08-01T14:26:58","slug":"mag544w3-paquete-x20","status":"publish","type":"product","link":"https:\/\/us.infomir.store\/es\/producto\/mag544w3-paquete-x20\/","title":{"rendered":"MAG544w3 paquete x20"},"content":{"rendered":"<p><span style=\"font-weight: 400\">El MAG544w3 es un potente descodificador Linux que permite a los operadores de IPTV\/OTT ofrecer a sus abonados la posibilidad de ver contenidos en alta calidad incluso con bajas velocidades de conexi\u00f3n a Internet. Tampoco hay que preocuparse por reiniciar constantemente el dispositivo, ya que funcionar\u00e1 durante meses sin reiniciarse. Si quieres ahorrar dinero al comprar este modelo, un peque\u00f1o paquete al por mayor de veinte descodificadores es la opci\u00f3n ideal para ti.  <\/span><\/p>\n<p><span style=\"font-weight: 400\">Un chipset Amlogic S905Y4 y un procesador ARM Cortex-A35 de cuatro n\u00facleos proporcionan un rendimiento estable y fluido de la interfaz y una reproducci\u00f3n sin retrasos. El modelo es compatible con todos los c\u00f3decs y formatos de v\u00eddeo actuales. Los usuarios tambi\u00e9n tienen la posibilidad de ver contenidos de medios extra\u00edbles que se pueden conectar a trav\u00e9s de puertos USB.  <\/span><\/p>\n<p><span style=\"font-weight: 400\">El MAG544w3 es compatible con la tecnolog\u00eda 4K HDR y audio Dolby Digital Plus\u2122 de ocho canales. Con im\u00e1genes perfectamente n\u00edtidas, colores intensos y sonido envolvente, los usuarios pueden sumergirse por completo en la atm\u00f3sfera de cada pel\u00edcula y espect\u00e1culo. <\/span><\/p>\n<p><span style=\"font-weight: 400\">El MAG544w3 ofrece dos opciones de conectividad de red: mediante cable Ethernet para los que prefieren la fiabilidad, y mediante Wi-Fi para los que quieren evitar cables innecesarios en su casa. El paquete tambi\u00e9n incluye un mando a distancia por infrarrojos programable que puede configurarse para controlar varios dispositivos dom\u00e9sticos. <\/span><\/p>\n<p><span style=\"font-weight: 400\">Si quieres pedir un paquete de veinte descodificadores, ponte en contacto con nuestro gestor.<\/span><\/p>\n<p>&nbsp;<\/p>\n<p><span style=\"font-weight: 400;color: red\">*Infomir no distribuye, emite ni proporciona de ning\u00fan otro modo contenidos de televisi\u00f3n o v\u00eddeo.<\/span><\/p>\n","protected":false},"excerpt":{"rendered":"<p><span style=\"font-weight: 400;\">Linux 4.9, chipset Amlogic S905Y4-B, compatibilidad con 4K y HEVC, m\u00f3dulo Wi-Fi<\/span><\/p>\n","protected":false},"featured_media":8184,"comment_status":"closed","ping_status":"closed","template":"","meta":{"_acf_changed":false,"om_disable_all_campaigns":false,"_monsterinsights_skip_tracking":false,"_monsterinsights_sitenote_active":false,"_monsterinsights_sitenote_note":"","_monsterinsights_sitenote_category":0},"product_brand":[],"product_cat":[79],"product_tag":[84,86,85],"class_list":{"0":"post-8181","1":"product","2":"type-product","3":"status-publish","4":"has-post-thumbnail","6":"product_cat-descodificadores-al-por-mayor","7":"product_tag-4k-es","8":"product_tag-linux-es","9":"product_tag-wi-fi-es","10":"product_shipping_class-gratis","12":"first","13":"instock","14":"sale","15":"taxable","16":"shipping-taxable","17":"purchasable","18":"product-type-simple"},"acf":[],"aioseo_notices":[],"_links":{"self":[{"href":"https:\/\/us.infomir.store\/es\/wp-json\/wp\/v2\/product\/8181","targetHints":{"allow":["GET"]}}],"collection":[{"href":"https:\/\/us.infomir.store\/es\/wp-json\/wp\/v2\/product"}],"about":[{"href":"https:\/\/us.infomir.store\/es\/wp-json\/wp\/v2\/types\/product"}],"replies":[{"embeddable":true,"href":"https:\/\/us.infomir.store\/es\/wp-json\/wp\/v2\/comments?post=8181"}],"wp:featuredmedia":[{"embeddable":true,"href":"https:\/\/us.infomir.store\/es\/wp-json\/wp\/v2\/media\/8184"}],"wp:attachment":[{"href":"https:\/\/us.infomir.store\/es\/wp-json\/wp\/v2\/media?parent=8181"}],"wp:term":[{"taxonomy":"product_brand","embeddable":true,"href":"https:\/\/us.infomir.store\/es\/wp-json\/wp\/v2\/product_brand?post=8181"},{"taxonomy":"product_cat","embeddable":true,"href":"https:\/\/us.infomir.store\/es\/wp-json\/wp\/v2\/product_cat?post=8181"},{"taxonomy":"product_tag","embeddable":true,"href":"https:\/\/us.infomir.store\/es\/wp-json\/wp\/v2\/product_tag?post=8181"}],"curies":[{"name":"wp","href":"https:\/\/api.w.org\/{rel}","templated":true}]}}