{"id":8174,"date":"2023-08-01T10:26:10","date_gmt":"2023-08-01T14:26:10","guid":{"rendered":"https:\/\/us.infomir.store\/product\/mag544w3-paquete-x10\/"},"modified":"2023-08-01T10:26:10","modified_gmt":"2023-08-01T14:26:10","slug":"mag544w3-paquete-x10","status":"publish","type":"product","link":"https:\/\/us.infomir.store\/es\/producto\/mag544w3-paquete-x10\/","title":{"rendered":"MAG544w3 paquete x10"},"content":{"rendered":"<p><span style=\"font-weight: 400\">Un paquete de diez descodificadores MAG544w3 es una soluci\u00f3n moderna y econ\u00f3mica para los operadores de IPTV\/OTT. El modelo admite todos los c\u00f3decs y formatos de v\u00eddeo habituales. Los descodificadores tienen puertos USB que te permiten conectar dispositivos perif\u00e9ricos para un control m\u00e1s c\u00f3modo de la visualizaci\u00f3n. Gracias a su potente software y hardware, el MAG544w3 puede funcionar sin necesidad de reinicio durante varios meses.   <\/span><\/p>\n<p><span style=\"font-weight: 400\">El descodificador Linux de alto rendimiento MAG544w3 utiliza un chipset Amlogic S905Y4 y un procesador ARM Cortex-A35 de cuatro n\u00facleos. La tecnolog\u00eda de sonido Dolby Digital Plus\u2122 de ocho canales permite conectar un televisor moderno o un sistema de audio al dispositivo, proporcionando un sonido envolvente de alta calidad. Adem\u00e1s, para mayor comodidad, el MAG544w3 est\u00e1 equipado tanto con un conector de cable Ethernet como con un m\u00f3dulo Wi-Fi para que los abonados puedan elegir la forma m\u00e1s adecuada de conectarse a la red.  <\/span><\/p>\n<p><span style=\"font-weight: 400\">El MAG544w3 incluye un mando a distancia programable que te permite controlar varios aparatos simult\u00e1neamente.<\/span><\/p>\n<p><span style=\"font-weight: 400\">Nuestro gestor estar\u00e1 encantado de proporcionarte informaci\u00f3n detallada, responder a cualquier pregunta sobre el funcionamiento del descodificador y ayudarte a pedir un conjunto de diez aparatos.<\/span><\/p>\n<p>&nbsp;<\/p>\n<p><span style=\"font-weight: 400;color: red\">*Infomir no distribuye, emite ni proporciona de ning\u00fan otro modo contenidos de televisi\u00f3n o v\u00eddeo.<\/span><\/p>\n","protected":false},"excerpt":{"rendered":"<p><span style=\"font-weight: 400;\">Linux 4.9, chipset Amlogic S905Y4-B, compatibilidad con 4K y HEVC, m\u00f3dulo Wi-Fi<\/span><\/p>\n","protected":false},"featured_media":8177,"comment_status":"closed","ping_status":"closed","template":"","meta":{"_acf_changed":false,"om_disable_all_campaigns":false,"_monsterinsights_skip_tracking":false,"_monsterinsights_sitenote_active":false,"_monsterinsights_sitenote_note":"","_monsterinsights_sitenote_category":0},"product_brand":[],"product_cat":[79],"product_tag":[84,86,85],"class_list":{"0":"post-8174","1":"product","2":"type-product","3":"status-publish","4":"has-post-thumbnail","6":"product_cat-descodificadores-al-por-mayor","7":"product_tag-4k-es","8":"product_tag-linux-es","9":"product_tag-wi-fi-es","10":"product_shipping_class-gratis","12":"first","13":"instock","14":"sale","15":"taxable","16":"shipping-taxable","17":"purchasable","18":"product-type-simple"},"acf":[],"aioseo_notices":[],"_links":{"self":[{"href":"https:\/\/us.infomir.store\/es\/wp-json\/wp\/v2\/product\/8174","targetHints":{"allow":["GET"]}}],"collection":[{"href":"https:\/\/us.infomir.store\/es\/wp-json\/wp\/v2\/product"}],"about":[{"href":"https:\/\/us.infomir.store\/es\/wp-json\/wp\/v2\/types\/product"}],"replies":[{"embeddable":true,"href":"https:\/\/us.infomir.store\/es\/wp-json\/wp\/v2\/comments?post=8174"}],"wp:featuredmedia":[{"embeddable":true,"href":"https:\/\/us.infomir.store\/es\/wp-json\/wp\/v2\/media\/8177"}],"wp:attachment":[{"href":"https:\/\/us.infomir.store\/es\/wp-json\/wp\/v2\/media?parent=8174"}],"wp:term":[{"taxonomy":"product_brand","embeddable":true,"href":"https:\/\/us.infomir.store\/es\/wp-json\/wp\/v2\/product_brand?post=8174"},{"taxonomy":"product_cat","embeddable":true,"href":"https:\/\/us.infomir.store\/es\/wp-json\/wp\/v2\/product_cat?post=8174"},{"taxonomy":"product_tag","embeddable":true,"href":"https:\/\/us.infomir.store\/es\/wp-json\/wp\/v2\/product_tag?post=8174"}],"curies":[{"name":"wp","href":"https:\/\/api.w.org\/{rel}","templated":true}]}}