{"id":8168,"date":"2023-08-01T10:25:43","date_gmt":"2023-08-01T14:25:43","guid":{"rendered":"https:\/\/us.infomir.store\/product\/mag544w3-pack-x5\/"},"modified":"2025-06-09T07:19:29","modified_gmt":"2025-06-09T11:19:29","slug":"mag544w3-pack-x5","status":"publish","type":"product","link":"https:\/\/us.infomir.store\/es\/producto\/mag544w3-pack-x5\/","title":{"rendered":"MAG544w3 paquete x5"},"content":{"rendered":"<p><span style=\"font-weight: 400\">Un paquete de cinco descodificadores MAG544w3 es una soluci\u00f3n moderna y econ\u00f3mica para los operadores de IPTV\/OTT. El aparato admite todos los c\u00f3decs y formatos de v\u00eddeo actuales, tiene puertos USB para conectar perif\u00e9ricos y funciona durante meses sin tener que reiniciarse. <\/span><\/p>\n<p><span style=\"font-weight: 400\">El descodificador MAG544w3 basado en Linux funciona con un chipset Amlogic S905Y4 y un procesador ARM Cortex-A35 de cuatro n\u00facleos.<\/span><\/p>\n<p><span style=\"font-weight: 400\">La compatibilidad con sonido Dolby Digital Plus\u2122 puro de ocho canales te permite conectar el aparato a un televisor o sistema est\u00e9reo compatible y disfrutar de un sonido envolvente.<\/span><\/p>\n<p><span style=\"font-weight: 400\">Para facilitar la conexi\u00f3n a la red, la MAG544w3 est\u00e1 equipada con un conector de cable Ethernet y un m\u00f3dulo Wi-Fi.<\/span><\/p>\n<p><span style=\"font-weight: 400\">El modelo viene con un mando a distancia programable. Sus cuatro botones especiales pueden configurarse para controlar otros dispositivos, como un equipo est\u00e9reo o el aire acondicionado. <\/span><\/p>\n<p><span style=\"font-weight: 400\">Si tienes alguna duda sobre el funcionamiento del aparato o quieres pedir un paquete de cinco descodificadores, ponte en contacto con nuestro gestor.<\/span><\/p>\n<p>&nbsp;<\/p>\n<p><span style=\"font-weight: 400;color: red\">*Infomir no distribuye, emite ni proporciona de ning\u00fan otro modo contenidos de televisi\u00f3n o v\u00eddeo.<\/span><\/p>\n","protected":false},"excerpt":{"rendered":"<p><span style=\"font-weight: 400;\">Linux 4.9, chipset Amlogic S905Y4-B, compatibilidad con 4K y HEVC, m\u00f3dulo Wi-Fi<\/span><\/p>\n","protected":false},"featured_media":8171,"comment_status":"closed","ping_status":"closed","template":"","meta":{"_acf_changed":false,"om_disable_all_campaigns":false,"_monsterinsights_skip_tracking":false,"_monsterinsights_sitenote_active":false,"_monsterinsights_sitenote_note":"","_monsterinsights_sitenote_category":0},"product_brand":[],"product_cat":[79],"product_tag":[84,86,85],"class_list":{"0":"post-8168","1":"product","2":"type-product","3":"status-publish","4":"has-post-thumbnail","6":"product_cat-descodificadores-al-por-mayor","7":"product_tag-4k-es","8":"product_tag-linux-es","9":"product_tag-wi-fi-es","10":"product_shipping_class-x5-paquetes","12":"first","13":"instock","14":"sold-individually","15":"taxable","16":"shipping-taxable","17":"purchasable","18":"product-type-simple"},"acf":[],"aioseo_notices":[],"_links":{"self":[{"href":"https:\/\/us.infomir.store\/es\/wp-json\/wp\/v2\/product\/8168","targetHints":{"allow":["GET"]}}],"collection":[{"href":"https:\/\/us.infomir.store\/es\/wp-json\/wp\/v2\/product"}],"about":[{"href":"https:\/\/us.infomir.store\/es\/wp-json\/wp\/v2\/types\/product"}],"replies":[{"embeddable":true,"href":"https:\/\/us.infomir.store\/es\/wp-json\/wp\/v2\/comments?post=8168"}],"wp:featuredmedia":[{"embeddable":true,"href":"https:\/\/us.infomir.store\/es\/wp-json\/wp\/v2\/media\/8171"}],"wp:attachment":[{"href":"https:\/\/us.infomir.store\/es\/wp-json\/wp\/v2\/media?parent=8168"}],"wp:term":[{"taxonomy":"product_brand","embeddable":true,"href":"https:\/\/us.infomir.store\/es\/wp-json\/wp\/v2\/product_brand?post=8168"},{"taxonomy":"product_cat","embeddable":true,"href":"https:\/\/us.infomir.store\/es\/wp-json\/wp\/v2\/product_cat?post=8168"},{"taxonomy":"product_tag","embeddable":true,"href":"https:\/\/us.infomir.store\/es\/wp-json\/wp\/v2\/product_tag?post=8168"}],"curies":[{"name":"wp","href":"https:\/\/api.w.org\/{rel}","templated":true}]}}