{"id":8162,"date":"2023-08-01T10:25:14","date_gmt":"2023-08-01T14:25:14","guid":{"rendered":"https:\/\/us.infomir.store\/product\/mag544w3-pack-x2\/"},"modified":"2025-06-09T07:19:35","modified_gmt":"2025-06-09T11:19:35","slug":"mag544w3-pack-x2","status":"publish","type":"product","link":"https:\/\/us.infomir.store\/es\/producto\/mag544w3-pack-x2\/","title":{"rendered":"MAG544w3 paquete x2"},"content":{"rendered":"<p><span style=\"font-weight: 400\">Paquete rentable de dos descodificadores MAG544w3 de Infomir: ofrece a los abonados la oportunidad de disfrutar de contenidos en alta calidad.<\/span><\/p>\n<p><span style=\"font-weight: 400\">El dispositivo funciona con un sistema operativo Linux, tiene un potente chipset Amlogic S905Y4-B y un procesador ARM Cortex-A35 de cuatro n\u00facleos. Estas especificaciones permiten al MAG544w3 reproducir contenidos en todos los formatos populares, incluido 4K HDR con una frecuencia de imagen de 60 fps. Al mismo tiempo, los usuarios no tienen que preocuparse de reiniciar con frecuencia el descodificador: s\u00f3lo hay que hacerlo una vez cada pocos meses. La interfaz del MAG544w3 funciona de forma estable y sin retrasos, incluso a bajas velocidades de transferencia de datos.   <\/span><\/p>\n<p><span style=\"font-weight: 400\">Las prestaciones visuales se complementan con el sonido envolvente Dolby Digital Plus: el aparato es compatible con la tecnolog\u00eda de audio multicanal. El descodificador puede conectarse a la red de cualquier forma conveniente: por cable (a trav\u00e9s de un puerto Ethernet de 100 Mbps) o Wi-Fi. <\/span><\/p>\n<p><span style=\"font-weight: 400\">El mando a distancia programable est\u00e1 equipado con botones especiales que pueden configurarse para controlar otros dispositivos dom\u00e9sticos, como el aire acondicionado, el televisor o el equipo est\u00e9reo. Esto permitir\u00e1 a los usuarios evitar confusiones y controlar todos los dispositivos con un solo mando a distancia. <\/span><\/p>\n<p><span style=\"font-weight: 400\">Dos puertos USB 2.0 permiten conectar tarjetas de memoria, rat\u00f3n, teclado y otros perif\u00e9ricos al descodificador.<\/span><\/p>\n<p><span style=\"font-weight: 400\">Si quieres pedir un conjunto de dos descodificadores MAG544w3, ponte en contacto con nuestro gestor.<\/span><\/p>\n<p>&nbsp;<\/p>\n<p><span style=\"font-weight: 400;color: red\">*Infomir no distribuye, emite ni proporciona de ning\u00fan otro modo contenidos de televisi\u00f3n o v\u00eddeo.<\/span><\/p>\n","protected":false},"excerpt":{"rendered":"<p><span style=\"font-weight: 400;\">Linux 4.9, chipset Amlogic S905Y4-B, compatibilidad con 4K y HEVC, m\u00f3dulo Wi-Fi<\/span><\/p>\n","protected":false},"featured_media":8165,"comment_status":"closed","ping_status":"closed","template":"","meta":{"_acf_changed":false,"om_disable_all_campaigns":false,"_monsterinsights_skip_tracking":false,"_monsterinsights_sitenote_active":false,"_monsterinsights_sitenote_note":"","_monsterinsights_sitenote_category":0},"product_brand":[],"product_cat":[79],"product_tag":[84,86,85],"class_list":{"0":"post-8162","1":"product","2":"type-product","3":"status-publish","4":"has-post-thumbnail","6":"product_cat-descodificadores-al-por-mayor","7":"product_tag-4k-es","8":"product_tag-linux-es","9":"product_tag-wi-fi-es","10":"product_shipping_class-paquetes-x2","12":"first","13":"instock","14":"sold-individually","15":"taxable","16":"shipping-taxable","17":"purchasable","18":"product-type-simple"},"acf":[],"aioseo_notices":[],"_links":{"self":[{"href":"https:\/\/us.infomir.store\/es\/wp-json\/wp\/v2\/product\/8162","targetHints":{"allow":["GET"]}}],"collection":[{"href":"https:\/\/us.infomir.store\/es\/wp-json\/wp\/v2\/product"}],"about":[{"href":"https:\/\/us.infomir.store\/es\/wp-json\/wp\/v2\/types\/product"}],"replies":[{"embeddable":true,"href":"https:\/\/us.infomir.store\/es\/wp-json\/wp\/v2\/comments?post=8162"}],"wp:featuredmedia":[{"embeddable":true,"href":"https:\/\/us.infomir.store\/es\/wp-json\/wp\/v2\/media\/8165"}],"wp:attachment":[{"href":"https:\/\/us.infomir.store\/es\/wp-json\/wp\/v2\/media?parent=8162"}],"wp:term":[{"taxonomy":"product_brand","embeddable":true,"href":"https:\/\/us.infomir.store\/es\/wp-json\/wp\/v2\/product_brand?post=8162"},{"taxonomy":"product_cat","embeddable":true,"href":"https:\/\/us.infomir.store\/es\/wp-json\/wp\/v2\/product_cat?post=8162"},{"taxonomy":"product_tag","embeddable":true,"href":"https:\/\/us.infomir.store\/es\/wp-json\/wp\/v2\/product_tag?post=8162"}],"curies":[{"name":"wp","href":"https:\/\/api.w.org\/{rel}","templated":true}]}}