{"id":7085,"date":"2022-07-21T15:45:36","date_gmt":"2022-07-21T19:45:36","guid":{"rendered":"https:\/\/us.infomir.store\/sobre-nosotros\/"},"modified":"2025-03-17T07:35:46","modified_gmt":"2025-03-17T11:35:46","slug":"sobre-nosotros","status":"publish","type":"page","link":"https:\/\/us.infomir.store\/es\/sobre-nosotros\/","title":{"rendered":"Sobre nosotros"},"content":{"rendered":"\n<div class=\"wp-block-columns container-page is-layout-flex wp-container-core-columns-is-layout-9d6595d7 wp-block-columns-is-layout-flex\">\n<div class=\"wp-block-column is-layout-flow wp-block-column-is-layout-flow\" style=\"flex-basis:100%\">\n<div class=\"wp-block-columns is-layout-flex wp-container-core-columns-is-layout-9d6595d7 wp-block-columns-is-layout-flex\">\n<div class=\"wp-block-column is-layout-flow wp-block-column-is-layout-flow\">\n<p>La tienda Infomir es nuestro representante exclusivo para los residentes en Estados Unidos. Nuestra tienda vende al por menor y al por mayor dispositivos MAG con Linux y Android TV\u2122, unidades de alimentaci\u00f3n, mandos a distancia y otros accesorios. <\/p>\n\n\n\n<p>En la tienda Infomir, puedes pedir aparatos de alta calidad en garant\u00eda a precios recomendados. Despu\u00e9s de hacer un pedido, lo tendr\u00e1s lo antes posible mediante un servicio de entrega.   <\/p>\n\n\n\n<p>Si necesitas ayuda, nuestros expertos est\u00e1n preparados para resolver tu problema.<\/p>\n\n\n\n<p>Infomir lleva trabajando en la industria de la TV desde 2001. Desde entonces, m\u00e1s de 4.500 empresas y operadores de 150 pa\u00edses han utilizado nuestros productos en sus proyectos.   <\/p>\n\n\n\n<p>\u00a1S\u00edguenos en <a href=\"https:\/\/www.facebook.com\/infomir.eu\" target=\"_blank\" rel=\"noopener nofollow\">las redes sociales<\/a> para estar al tanto de nuestras noticias y promociones!<\/p>\n\n\n\n<p><\/p>\n<\/div>\n<\/div>\n<\/div>\n<\/div>\n","protected":false},"excerpt":{"rendered":"<p>La tienda Infomir es nuestro representante exclusivo para los residentes en Estados Unidos. Nuestra tienda vende al por menor y al por mayor dispositivos MAG con Linux y Android TV\u2122, unidades de alimentaci\u00f3n, mandos a distancia y otros accesorios. En la tienda Infomir, puedes pedir aparatos de alta calidad en garant\u00eda a precios recomendados. Despu\u00e9s [&hellip;]<\/p>\n","protected":false},"author":1,"featured_media":0,"parent":0,"menu_order":0,"comment_status":"closed","ping_status":"closed","template":"","meta":{"_acf_changed":false,"om_disable_all_campaigns":false,"_monsterinsights_skip_tracking":false,"_monsterinsights_sitenote_active":false,"_monsterinsights_sitenote_note":"","_monsterinsights_sitenote_category":0,"footnotes":""},"class_list":["post-7085","page","type-page","status-publish","hentry"],"acf":[],"aioseo_notices":[],"_links":{"self":[{"href":"https:\/\/us.infomir.store\/es\/wp-json\/wp\/v2\/pages\/7085","targetHints":{"allow":["GET"]}}],"collection":[{"href":"https:\/\/us.infomir.store\/es\/wp-json\/wp\/v2\/pages"}],"about":[{"href":"https:\/\/us.infomir.store\/es\/wp-json\/wp\/v2\/types\/page"}],"author":[{"embeddable":true,"href":"https:\/\/us.infomir.store\/es\/wp-json\/wp\/v2\/users\/1"}],"replies":[{"embeddable":true,"href":"https:\/\/us.infomir.store\/es\/wp-json\/wp\/v2\/comments?post=7085"}],"version-history":[{"count":1,"href":"https:\/\/us.infomir.store\/es\/wp-json\/wp\/v2\/pages\/7085\/revisions"}],"predecessor-version":[{"id":7109,"href":"https:\/\/us.infomir.store\/es\/wp-json\/wp\/v2\/pages\/7085\/revisions\/7109"}],"wp:attachment":[{"href":"https:\/\/us.infomir.store\/es\/wp-json\/wp\/v2\/media?parent=7085"}],"curies":[{"name":"wp","href":"https:\/\/api.w.org\/{rel}","templated":true}]}}