{"id":7081,"date":"2022-07-21T14:54:13","date_gmt":"2022-07-21T18:54:13","guid":{"rendered":"https:\/\/us.infomir.store\/garantia\/"},"modified":"2025-05-21T13:39:23","modified_gmt":"2025-05-21T17:39:23","slug":"garantia","status":"publish","type":"page","link":"https:\/\/us.infomir.store\/es\/garantia\/","title":{"rendered":"Garant\u00eda"},"content":{"rendered":"\n<div class=\"wp-block-columns container-page is-layout-flex wp-container-core-columns-is-layout-9d6595d7 wp-block-columns-is-layout-flex\">\n<div class=\"wp-block-column is-layout-flow wp-block-column-is-layout-flow\" style=\"flex-basis:100%\">\n<div class=\"wp-block-columns is-layout-flex wp-container-core-columns-is-layout-9d6595d7 wp-block-columns-is-layout-flex\">\n<div class=\"wp-block-column is-layout-flow wp-block-column-is-layout-flow\">\n<p>Cubre cualquier producto que hayas comprado directamente a Infomir durante 12 meses a partir de la fecha de pago, a menos que se indique lo contrario, si el producto no funciona correctamente, ha llegado da\u00f1ado o has recibido un art\u00edculo incorrecto.<\/p>\n\n\n\n<p>Todos los env\u00edos est\u00e1n totalmente asegurados. En el raro caso de que tu env\u00edo se pierda o sufra da\u00f1os, proporcionaremos sustitutos sin coste alguno para el cliente. En caso de que no se disponga de sustitutos, se reembolsar\u00e1 el importe. Nos reservamos el derecho a solicitar una fotograf\u00eda de los da\u00f1os.   <\/p>\n\n\n\n<p>Las devoluciones no autorizadas no se procesar\u00e1n ni se devolver\u00e1n al remitente.<\/p>\n\n\n\n<p>Los art\u00edculos aceptados para devoluci\u00f3n tienen que enviarse en el embalaje original, sin que falten piezas ni pegatinas.<\/p>\n\n\n\n<p>Al igual que la garant\u00eda del fabricante, \u00e9sta no cubre las ca\u00eddas de rayos, las subidas de tensi\u00f3n ni los da\u00f1os f\u00edsicos al producto, a menos que lo hayamos enviado da\u00f1ado.<\/p>\n\n\n\n<p>S\u00f3lo se aplica al comprador original.<\/p>\n\n\n\n<p>Cualquier devoluci\u00f3n debe ser autorizada y se debe obtener un n\u00famero RMA antes de devolver el producto. No se autorizar\u00e1n devoluciones por motivos que no sean el funcionamiento inadecuado, el env\u00edo de un art\u00edculo incorrecto o da\u00f1os iniciales. Para obtener la autorizaci\u00f3n de devoluci\u00f3n, env\u00eda un correo electr\u00f3nico a <a href=\"mailto:sa***@*****ir.us\" data-original-string=\"dSjPzvXt8XAmWNXudtxG7A==0debr5gT50khXJZ0AhTu3U2isdXFpsKZkaKS+pNiaOb7KM=\" title=\"Este contacto ha sido codificado por Anti-Spam by CleanTalk. Haz clic para decodificar. Para finalizar la decodificaci\u00f3n, aseg\u00farate de que JavaScript est\u00e1 activado en tu navegador.\"><span \n                data-original-string='+0\/LeVaILI9QGd0uLd+GhA==0de7AYUUnjYEmXlyav17J82y6Z2H\/gY1IjAtbbNCepd9zA='\n                class='apbct-email-encoder'\n                title='Este contacto ha sido codificado por Anti-Spam by CleanTalk. Haz clic para decodificar. Para finalizar la decodificaci\u00f3n, aseg\u00farate de que JavaScript est\u00e1 activado en tu navegador.'>sa<span class=\"apbct-blur\">***<\/span>@<span class=\"apbct-blur\">*****<\/span>ir.us<\/span><\/a>  <\/p>\n\n\n\n<p>Los gastos de env\u00edo no son reembolsables y no se proporcionan etiquetas de devoluci\u00f3n.<\/p>\n\n\n\n<p>El art\u00edculo devuelto se procesar\u00e1 para su reparaci\u00f3n\/sustituci\u00f3n o se emitir\u00e1 el reembolso si el mismo producto est\u00e1 agotado. Te rogamos que nos concedas 5 d\u00edas laborables para procesar la devoluci\u00f3n. <\/p>\n<\/div>\n<\/div>\n<\/div>\n<\/div>\n","protected":false},"excerpt":{"rendered":"<p>Cubre cualquier producto que hayas comprado directamente a Infomir durante 12 meses a partir de la fecha de pago, a menos que se indique lo contrario, si el producto no funciona correctamente, ha llegado da\u00f1ado o has recibido un art\u00edculo incorrecto. Todos los env\u00edos est\u00e1n totalmente asegurados. En el raro caso de que tu env\u00edo [&hellip;]<\/p>\n","protected":false},"author":1,"featured_media":0,"parent":0,"menu_order":0,"comment_status":"closed","ping_status":"closed","template":"","meta":{"_acf_changed":false,"om_disable_all_campaigns":false,"_monsterinsights_skip_tracking":false,"_monsterinsights_sitenote_active":false,"_monsterinsights_sitenote_note":"","_monsterinsights_sitenote_category":0,"footnotes":""},"class_list":["post-7081","page","type-page","status-publish","hentry"],"acf":[],"aioseo_notices":[],"_links":{"self":[{"href":"https:\/\/us.infomir.store\/es\/wp-json\/wp\/v2\/pages\/7081","targetHints":{"allow":["GET"]}}],"collection":[{"href":"https:\/\/us.infomir.store\/es\/wp-json\/wp\/v2\/pages"}],"about":[{"href":"https:\/\/us.infomir.store\/es\/wp-json\/wp\/v2\/types\/page"}],"author":[{"embeddable":true,"href":"https:\/\/us.infomir.store\/es\/wp-json\/wp\/v2\/users\/1"}],"replies":[{"embeddable":true,"href":"https:\/\/us.infomir.store\/es\/wp-json\/wp\/v2\/comments?post=7081"}],"version-history":[{"count":1,"href":"https:\/\/us.infomir.store\/es\/wp-json\/wp\/v2\/pages\/7081\/revisions"}],"predecessor-version":[{"id":7082,"href":"https:\/\/us.infomir.store\/es\/wp-json\/wp\/v2\/pages\/7081\/revisions\/7082"}],"wp:attachment":[{"href":"https:\/\/us.infomir.store\/es\/wp-json\/wp\/v2\/media?parent=7081"}],"curies":[{"name":"wp","href":"https:\/\/api.w.org\/{rel}","templated":true}]}}