{"id":7078,"date":"2022-04-12T17:48:06","date_gmt":"2022-04-12T21:48:06","guid":{"rendered":"https:\/\/us.infomir.store\/envio-y-pago\/"},"modified":"2025-03-17T07:35:46","modified_gmt":"2025-03-17T11:35:46","slug":"envio-y-pago","status":"publish","type":"page","link":"https:\/\/us.infomir.store\/es\/envio-y-pago\/","title":{"rendered":"Env\u00edo y pago"},"content":{"rendered":"\n<p><\/p>\n\n<div class=\"wp-block-columns container padding-bottom is-layout-flex wp-container-core-columns-is-layout-9d6595d7 wp-block-columns-is-layout-flex\">\n<div class=\"wp-block-column is-layout-flow wp-block-column-is-layout-flow\">\n<p>Realizamos env\u00edos a todo el mundo \u00fanicamente por FedEx, DHL y USPS desde nuestras instalaciones de env\u00edo en Nueva York (EE.UU.). Todos los env\u00edos est\u00e1n asegurados por el valor real. La factura original se suministrar\u00e1 con cada env\u00edo e incluir\u00e1 informaci\u00f3n sobre los n\u00fameros de serie, el pago y la informaci\u00f3n de env\u00edo.  <\/p>\n\n\n\n<p>Tambi\u00e9n podemos aplicar tu cuenta de FedEx o DHL para el env\u00edo si lo solicitas.<\/p>\n\n\n\n<p>Ten en cuenta que no podemos responsabilizarnos de los retrasos en el despacho de aduanas u otros retrasos postales en el pa\u00eds de destino. Garantizamos un tiempo de tramitaci\u00f3n r\u00e1pido s\u00f3lo desde nuestras instalaciones de env\u00edo. <\/p>\n\n\n\n<p>La informaci\u00f3n de seguimiento se te proporcionar\u00e1 el d\u00eda del env\u00edo.<\/p>\n\n\n\n<p>Clientes internacionales: los pa\u00edses tienen diversas tasas y\/o impuestos aduaneros. Los destinatarios de paquetes importados son responsables de las tasas y\/o impuestos aduaneros de su pa\u00eds, que se recaudar\u00e1n localmente. Consulta el sitio web de aduanas correspondiente.  <\/p>\n\n\n\n<p>Los pedidos al por mayor pueden recogerse en nuestra oficina de Brooklyn, Nueva York, sin gastos de env\u00edo. Si tienes previsto recoger tu pedido, el pago debe estar liquidado antes de la recogida programada. Ll\u00e1manos al +1(631) 833-4207 o env\u00eda un correo electr\u00f3nico <a href=\"mailto:sa***@*****ir.us\" data-original-string=\"YC3nf5S+RHM5hnzVFk+1ow==0deUy+UbWSZQij6tGXE5oItMGENo55Gy8hEQ0UOkGsQwSA=\" title=\"Este contacto ha sido codificado por Anti-Spam by CleanTalk. Haz clic para decodificar. Para finalizar la decodificaci\u00f3n, aseg\u00farate de que JavaScript est\u00e1 activado en tu navegador.\">a <span \n                data-original-string='+OjBXmAe6FNHA8Bn+2QTHA==0dewZcMR2rgMzHbn+OI0nUSnDdh0Pke2LZO+O2EWtgT1Qc='\n                class='apbct-email-encoder'\n                title='Este contacto ha sido codificado por Anti-Spam by CleanTalk. Haz clic para decodificar. Para finalizar la decodificaci\u00f3n, aseg\u00farate de que JavaScript est\u00e1 activado en tu navegador.'>sa<span class=\"apbct-blur\">***<\/span>@<span class=\"apbct-blur\">*****<\/span>ir.us<\/span><\/a> para concertar una cita.  <\/p>\n\n\n\n<p><\/p>\n\n\n\n<p><\/p>\n\n\n\n<p>Aceptamos: Visa \/Master Card , American Express y Discover para titulares de tarjetas de EE.UU., Canad\u00e1 y la UE, todas las dem\u00e1s tarjetas de cr\u00e9dito importantes a trav\u00e9s de PayPal, transferencias bancarias, cheques personales y de empresa, cheques de caja, giros postales, transferencias de Western Union y Money Gram.<\/p>\n\n\n\n<p>Todos los pedidos pagados con cheques de empresa o personales est\u00e1n sujetos a una retenci\u00f3n de 5 d\u00edas laborables antes del env\u00edo.<\/p>\n\n\n\n<p>En raras ocasiones, para evitar transacciones no autorizadas, nos reservamos el derecho a solicitar informaci\u00f3n adicional del titular de la tarjeta de cr\u00e9dito, como: copia del carn\u00e9 de conducir u otro documento de identidad, copia escaneada de la tarjeta de cr\u00e9dito y copia del extracto de la tarjeta de cr\u00e9dito.<\/p>\n\n\n\n<p>Nos reservamos el derecho de cancelar cualquier pedido y reembolsar el pago si no se cumple la pol\u00edtica de seguridad de las transacciones.<\/p>\n\n\n\n<p><strong>Los impuestos y aranceles no est\u00e1n incluidos en los gastos de env\u00edo.<\/strong><\/p>\n<\/div>\n<\/div>\n<section class=\"advantages\">\n    <div class=\"container\">\n        <ul class=\"advantages__list\">\n                            <li class=\"advantages__item\">\n                    <figure class=\"advantages__img\">\n                        <img loading=\"lazy\" decoding=\"async\" src=\"https:\/\/us.infomir.store\/wp-content\/uploads\/2022\/04\/Infomir-oficail.svg\" alt=\"\" width=\"32\" height=\"32\">\n                    <\/figure>\n                    <h4 class=\"advantages__text\">\n                        Infomir official dealer \n                    <\/h4>\n                <\/li>\n                            <li class=\"advantages__item\">\n                    <figure class=\"advantages__img\">\n                        <img loading=\"lazy\" decoding=\"async\" src=\"https:\/\/us.infomir.store\/wp-content\/uploads\/2022\/04\/Manufact_prices.svg\" alt=\"\" width=\"32\" height=\"32\">\n                    <\/figure>\n                    <h4 class=\"advantages__text\">\n                        Manufacturer\u2019s pricing \n                    <\/h4>\n                <\/li>\n                            <li class=\"advantages__item\">\n                    <figure class=\"advantages__img\">\n                        <img loading=\"lazy\" decoding=\"async\" src=\"https:\/\/us.infomir.store\/wp-content\/uploads\/2022\/04\/Operator-support.svg\" alt=\"\" width=\"32\" height=\"32\">\n                    <\/figure>\n                    <h4 class=\"advantages__text\">\n                        Expert tech support \n                    <\/h4>\n                <\/li>\n                            <li class=\"advantages__item\">\n                    <figure class=\"advantages__img\">\n                        <img loading=\"lazy\" decoding=\"async\" src=\"https:\/\/us.infomir.store\/wp-content\/uploads\/2022\/04\/1000_customers.svg\" alt=\"\" width=\"32\" height=\"32\">\n                    <\/figure>\n                    <h4 class=\"advantages__text\">\n                        Over 1,000 buyers \n                    <\/h4>\n                <\/li>\n                            <li class=\"advantages__item\">\n                    <figure class=\"advantages__img\">\n                        <img loading=\"lazy\" decoding=\"async\" src=\"https:\/\/us.infomir.store\/wp-content\/uploads\/2022\/04\/Fast_delivery.svg\" alt=\"\" width=\"32\" height=\"32\">\n                    <\/figure>\n                    <h4 class=\"advantages__text\">\n                        Fast delivery \n                    <\/h4>\n                <\/li>\n                            <li class=\"advantages__item\">\n                    <figure class=\"advantages__img\">\n                        <img loading=\"lazy\" decoding=\"async\" src=\"https:\/\/us.infomir.store\/wp-content\/uploads\/2022\/04\/Warranty_serv.svg\" alt=\"\" width=\"32\" height=\"32\">\n                    <\/figure>\n                    <h4 class=\"advantages__text\">\n                        Warranty and post-warranty service\n                    <\/h4>\n                <\/li>\n                    <\/ul>\n    <\/div>\n    <!-- \/.container -->\n<\/section>\n<!-- \/.advantages -->","protected":false},"excerpt":{"rendered":"<p>Realizamos env\u00edos a todo el mundo \u00fanicamente por FedEx, DHL y USPS desde nuestras instalaciones de env\u00edo en Nueva York (EE.UU.). Todos los env\u00edos est\u00e1n asegurados por el valor real. La factura original se suministrar\u00e1 con cada env\u00edo e incluir\u00e1 informaci\u00f3n sobre los n\u00fameros de serie, el pago y la informaci\u00f3n de env\u00edo. Tambi\u00e9n podemos [&hellip;]<\/p>\n","protected":false},"author":1,"featured_media":0,"parent":0,"menu_order":0,"comment_status":"closed","ping_status":"closed","template":"","meta":{"_acf_changed":false,"om_disable_all_campaigns":false,"_monsterinsights_skip_tracking":false,"_monsterinsights_sitenote_active":false,"_monsterinsights_sitenote_note":"","_monsterinsights_sitenote_category":0,"footnotes":""},"class_list":["post-7078","page","type-page","status-publish","hentry"],"acf":[],"aioseo_notices":[],"_links":{"self":[{"href":"https:\/\/us.infomir.store\/es\/wp-json\/wp\/v2\/pages\/7078","targetHints":{"allow":["GET"]}}],"collection":[{"href":"https:\/\/us.infomir.store\/es\/wp-json\/wp\/v2\/pages"}],"about":[{"href":"https:\/\/us.infomir.store\/es\/wp-json\/wp\/v2\/types\/page"}],"author":[{"embeddable":true,"href":"https:\/\/us.infomir.store\/es\/wp-json\/wp\/v2\/users\/1"}],"replies":[{"embeddable":true,"href":"https:\/\/us.infomir.store\/es\/wp-json\/wp\/v2\/comments?post=7078"}],"version-history":[{"count":1,"href":"https:\/\/us.infomir.store\/es\/wp-json\/wp\/v2\/pages\/7078\/revisions"}],"predecessor-version":[{"id":7079,"href":"https:\/\/us.infomir.store\/es\/wp-json\/wp\/v2\/pages\/7078\/revisions\/7079"}],"wp:attachment":[{"href":"https:\/\/us.infomir.store\/es\/wp-json\/wp\/v2\/media?parent=7078"}],"curies":[{"name":"wp","href":"https:\/\/api.w.org\/{rel}","templated":true}]}}