{"id":7077,"date":"2022-08-12T17:40:33","date_gmt":"2022-08-12T21:40:33","guid":{"rendered":"https:\/\/us.infomir.store\/politica-de-privacidad\/"},"modified":"2025-03-17T07:35:47","modified_gmt":"2025-03-17T11:35:47","slug":"politica-de-privacidad","status":"publish","type":"page","link":"https:\/\/us.infomir.store\/es\/politica-de-privacidad\/","title":{"rendered":"Pol\u00edtica de privacidad"},"content":{"rendered":"\n<div class=\"wp-block-columns container-page is-layout-flex wp-container-core-columns-is-layout-9d6595d7 wp-block-columns-is-layout-flex\">\n<div class=\"wp-block-column is-layout-flow wp-block-column-is-layout-flow\" style=\"flex-basis:100%\">\n<div class=\"wp-block-columns is-layout-flex wp-container-core-columns-is-layout-9d6595d7 wp-block-columns-is-layout-flex\">\n<div class=\"wp-block-column is-layout-flow wp-block-column-is-layout-flow\">\n<p>Esta Pol\u00edtica de Privacidad es efectiva desde el 22 de agosto de 2022.<\/p>\n\n\n\n<p><strong>Qu\u00e9 cubre esta p\u00f3liza<\/strong><\/p>\n\n\n\n<p>Respetamos la confidencialidad de tus datos personales y tomamos medidas para salvaguardarlos. Esta Pol\u00edtica describe la informaci\u00f3n que recopilamos, c\u00f3mo la utilizamos y tus derechos en relaci\u00f3n con la informaci\u00f3n que recopilamos. Tambi\u00e9n utilizamos cookies y tecnolog\u00edas similares como se describe a continuaci\u00f3n.  <\/p>\n\n\n\n<p><strong>Qui\u00e9nes somos<\/strong><\/p>\n\n\n\n<p>Cuando nos referimos a \u00abnosotros\u00bb, \u00abnuestro\u00bb o \u00abnos\u00bb en esta Pol\u00edtica, nos referimos a la empresa Infomir LLC, que act\u00faa como controlador de la informaci\u00f3n que se recopila de ti. Nuestros datos de contacto figuran al final de esta Pol\u00edtica. <\/p>\n\n\n\n<p><strong>Lo que recopilamos<\/strong><\/p>\n\n\n\n<p>En el transcurso de nuestras actividades empresariales, recopilamos determinados datos personales que se describen a continuaci\u00f3n.<\/p>\n\n\n\n<p><strong>La informaci\u00f3n que proporcionas al registrarte en nuestro sitio web, al hacer pedidos o al solicitar nuestros servicios.  <\/strong>Recogemos tu nombre de usuario, contrase\u00f1a, nombre, correo electr\u00f3nico, direcci\u00f3n postal, pa\u00eds de residencia, n\u00famero de tel\u00e9fono y detalles de tus pedidos (incluidas las direcciones MAC y los n\u00fameros de serie de los dispositivos pedidos). Adem\u00e1s, podemos utilizar tu correo electr\u00f3nico para enviarte comunicaciones de marketing sobre nuestros productos y servicios. Puedes darte de baja de dichas comunicaciones en cualquier momento haciendo clic en el enlace para darse de baja de cada correo electr\u00f3nico. Tambi\u00e9n utilizamos servicios de procesadores de pagos que recopilan tu cuenta bancaria, tarjeta de cr\u00e9dito y otros datos de pago necesarios para abonar un pedido.   <\/p>\n\n\n\n<p><strong>Informaci\u00f3n que proporcionas al rellenar formularios en nuestro sitio web.  <\/strong>Cuando rellenas formularios en nuestros sitios web, recogemos la informaci\u00f3n que introduces en dichos formularios. En la mayor\u00eda de los casos, esta informaci\u00f3n consiste en tu correo electr\u00f3nico, pero puede incluir otra informaci\u00f3n necesaria para el prop\u00f3sito de dichos formularios. <\/p>\n\n\n\n<p><strong>Informaci\u00f3n que recopilamos cuando visitas nuestro sitio web.<\/strong>  Podemos recopilar informaci\u00f3n sobre tu dispositivo y sobre c\u00f3mo utilizas nuestro sitio web, que incluye tu direcci\u00f3n IP; geolocalizaci\u00f3n; el tipo de dispositivo que utilizas; el tipo de plataforma; la versi\u00f3n del sistema operativo; los identificadores del dispositivo m\u00f3vil; el tipo de navegador y el idioma; las URL de los sitios web que visitas; el n\u00famero de clics, desplazamientos y otros tipos de interacciones con la p\u00e1gina web; la cantidad de tiempo que pasas en la p\u00e1gina web; las p\u00e1ginas vistas en nuestro sitio web. Utilizamos cookies y otras tecnolog\u00edas similares para recopilar dichos datos. <\/p>\n\n\n\n<p>Una cookie es un peque\u00f1o archivo de texto que un sitio web guarda en tu ordenador o dispositivo m\u00f3vil cuando lo visitas. Permite al sitio web recordar tus acciones y preferencias (como inicio de sesi\u00f3n, idioma, tama\u00f1o de letra y otras preferencias de visualizaci\u00f3n) durante un periodo de tiempo, para que no tengas que volver a introducirlas cada vez que vuelvas al sitio web o navegues de una p\u00e1gina web a otra. <\/p>\n\n\n\n<p>Las cookies se utilizan para reconocerte cuando visitas nuestro sitio web y proporcionarte una mejor experiencia en l\u00ednea. Las cookies se utilizan para analizar c\u00f3mo interact\u00faan los usuarios con nuestro sitio web para ayudarnos a comprender qu\u00e9 funciona bien y qu\u00e9 debe mejorarse. Adem\u00e1s, las cookies pueden utilizarse para ofrecerte publicidad basada en tu historial de navegaci\u00f3n y visitas anteriores a sitios web.  <\/p>\n\n\n\n<p>Las cookies son establecidas por nuestro sitio web (cookies de origen) o por otros sitios web con contenidos que aparecen en nuestro sitio web (cookies de terceros). Las cookies de terceros permiten funciones adicionales en nuestro sitio web, como contenidos interactivos y an\u00e1lisis. <\/p>\n\n\n\n<p>Utilizamos tanto cookies de sesi\u00f3n como cookies persistentes. Una cookie de sesi\u00f3n se utiliza para identificar una visita concreta a nuestro sitio. Utilizamos estas cookies para identificarte durante una \u00fanica sesi\u00f3n de navegaci\u00f3n. Una cookie persistente permanecer\u00e1 en tus dispositivos durante un periodo de tiempo determinado especificado en la cookie. Utilizamos estas cookies cuando necesitamos identificarte durante un periodo de tiempo m\u00e1s largo.    <\/p>\n\n\n\n<p>Puedes eliminar todas las cookies que ya est\u00e9n en tu ordenador o dispositivo m\u00f3vil y puedes configurar la mayor\u00eda de los navegadores para que impidan su instalaci\u00f3n. Encontrar\u00e1s el procedimiento para gestionar y eliminar cookies en la funci\u00f3n de ayuda integrada en tu navegador. Sin embargo, si lo haces, es posible que tengas que ajustar manualmente algunas preferencias cada vez que visites un sitio web y que algunos servicios y funcionalidades no funcionen. Puedes encontrar m\u00e1s informaci\u00f3n aqu\u00ed <a href=\"https:\/\/www.allaboutcookies.org\/manage-cookies\/\">https:\/\/www.allaboutcookies.org\/manage-cookies\/<\/a>.     <\/p>\n\n\n\n<p>Utilizamos Google Analytics (proporcionado por Google LLC) y Microsoft Clarity (proporcionado por Microsoft Corporation) para recopilar, supervisar y analizar la informaci\u00f3n sobre tu visita a nuestro sitio web con el fin de comprender el rendimiento y aumentar la funcionalidad del mismo. Para obtener m\u00e1s informaci\u00f3n sobre c\u00f3mo utiliza Google los datos cuando visitas un sitio web que utiliza Google Analytics, visita <a href=\"https:\/\/www.google.com\/policies\/privacy\/partners\/\">https:\/\/www.google.com\/policies\/privacy\/partners\/.<\/a> Puedes optar por no ser incluido en Google Analytics en el siguiente enlace <a href=\"https:\/\/tools.google.com\/dlpage\/gaoptout\">https:\/\/tools.google.com\/dlpage\/gaoptout.<\/a> Para obtener m\u00e1s informaci\u00f3n sobre c\u00f3mo Microsoft utiliza los datos cuando visitas un sitio web que utiliza Microsoft Clarity, visita <a href=\"https:\/\/privacy.microsoft.com\/privacystatement\">https:\/\/privacy.microsoft.com\/privacystatement.<\/a> Puedes excluirte de la telemetr\u00eda de Clarity seleccionando Microsoft en el siguiente enlace <a href=\"https:\/\/optout.aboutads.info\/\">https:\/\/optout.aboutads.info\/.<\/a> Si instalas la aplicaci\u00f3n Protect My Choices<a href=\"https:\/\/youradchoices.com\/pmc\">(https:\/\/youradchoices.com\/pmc)<\/a> para tu navegador, puedes asegurarte de que se guarda tu preferencia de exclusi\u00f3n.     <\/p>\n\n\n\n<p>Tambi\u00e9n utilizamos plugins sociales (\u00abbotones\u00bb) de redes sociales como Facebook, LinkedIn, Twitter, Instagram y YouTube para permitir una interacci\u00f3n fluida con estas plataformas. Si haces clic en dichos botones, te conectar\u00e1s al sitio web de dichas redes sociales, donde se aplicar\u00e1n sus respectivas pol\u00edticas de privacidad. Si has iniciado sesi\u00f3n en una red social, \u00e9sta puede asignar tu visita al sitio web a tu cuenta de usuario en dicha red social. Si eres usuario de una red social y no deseas que \u00e9sta combine los datos obtenidos de tu visita a nuestro sitio web con tus datos de usuario, deber\u00e1s desconectarte de la red social en cuesti\u00f3n antes de activar los botones.   <\/p>\n\n\n\n<p><strong>No rastrear<\/strong><\/p>\n\n\n\n<p>Nuestro sitio web responde a las se\u00f1ales Do Not Track bloqueando el script responsable de la recogida de datos. Sin embargo, esto no se aplica a algunos navegadores debido a sus propios algoritmos. Puedes comprobar si tu navegador es compatible con Do Not Track aqu\u00ed <a href=\"https:\/\/caniuse.com\/?search=Do%20Not%20Track\">https:\/\/caniuse.com\/?search=Do%20Not%20Track<\/a>.    <\/p>\n\n\n\n<p><strong>C\u00f3mo compartimos la informaci\u00f3n que recopilamos  <\/strong><\/p>\n\n\n\n<p>Normalmente no compartimos con terceros la informaci\u00f3n personal que recopilamos. Sin embargo, en algunos casos, podemos compartir la informaci\u00f3n cuando sea necesario u obligatorio. <\/p>\n\n\n\n<p><strong>Proveedores de servicios.  <\/strong>Puede ser necesario compartir parte de la informaci\u00f3n personal con terceros proveedores de servicios (por ejemplo, servicios de entrega y procesamiento de pagos, servicios de an\u00e1lisis del sitio web). Podemos compartir esta informaci\u00f3n \u00fanicamente en la medida razonablemente necesaria (por ejemplo, para procesar tu pago y entregar productos o para analizar el uso del sitio web). <\/p>\n\n\n\n<p><strong>Afiliados, sucesores y cesionarios<\/strong>. Podemos compartir informaci\u00f3n personal con nuestras empresas afiliadas en el curso de las actividades empresariales normales (por ejemplo, cuando sea necesario para cumplir un pedido). La informaci\u00f3n personal tambi\u00e9n puede llegar a manos de otro controlador como resultado de una fusi\u00f3n, adquisici\u00f3n u otra transacci\u00f3n comercial.  <\/p>\n\n\n\n<p><strong>Requisitos legales<\/strong>. Podemos compartir informaci\u00f3n personal para cumplir con la ley o con las fuerzas del orden, para evitar fraudes o abusos, o para proteger nuestros derechos e intereses legales. <\/p>\n\n\n\n<p>No vendemos tus datos personales.<\/p>\n\n\n\n<p><strong>Cu\u00e1nto tiempo conservamos la informaci\u00f3n<\/strong><\/p>\n\n\n\n<p>El tiempo que conservamos la informaci\u00f3n que recopilamos sobre ti depende de la finalidad para la que se ha recopilado y se almacena.<\/p>\n\n\n\n<p>Si la informaci\u00f3n se ha recopilado con el fin de negociar, celebrar o ejecutar un contrato entre t\u00fa y nosotros, conservaremos esta informaci\u00f3n durante el periodo de negociaciones del contrato y, si se celebra el contrato, durante la ejecuci\u00f3n del contrato o su vigencia. Tambi\u00e9n podemos seguir conservando esta informaci\u00f3n hasta diez a\u00f1os despu\u00e9s del final de las negociaciones del contrato o hasta diez a\u00f1os despu\u00e9s de la expiraci\u00f3n o finalizaci\u00f3n del contrato en caso de que se produzca cualquier disputa legal y en la medida en que sea necesario para protegernos de cualquier reclamaci\u00f3n legal o para cumplir con nuestras obligaciones legales.   <\/p>\n\n\n\n<p>Si la informaci\u00f3n se ha recopilado con fines de marketing directo, conservaremos esta informaci\u00f3n a menos que te des de baja de nuestros correos electr\u00f3nicos, lo que puedes hacer haciendo clic en el bot\u00f3n \u00abdarse de baja\u00bb que figura en cada correo electr\u00f3nico de marketing.<\/p>\n\n\n\n<p><strong>Tus derechos<\/strong><\/p>\n\n\n\n<p>Puedes tener ciertos derechos relacionados con la informaci\u00f3n personal, dependiendo de la legislaci\u00f3n aplicable. Para ejercer tus derechos, puedes ponerte en contacto con nosotros en nuestra direcci\u00f3n de correo electr\u00f3nico <a href=\"mailto:sa***@********sa.com\" data-original-string=\"QFgvN5g7iyD6EqXJCcoBRg==0de5K+U3OZ35z+C5Cf7OhoF+ZngeqfBoXCF5CMnYBhJdME=\" title=\"Este contacto ha sido codificado por Anti-Spam by CleanTalk. Haz clic para decodificar. Para finalizar la decodificaci\u00f3n, aseg\u00farate de que JavaScript est\u00e1 activado en tu navegador.\"><span \n                data-original-string='W0WxarObB8wF0GvIn\/16Sg==0den5Gyru\/tMIztIAbaw3UKaJnkp+zuBvcWw0AGucCCVCQ='\n                class='apbct-email-encoder'\n                title='Este contacto ha sido codificado por Anti-Spam by CleanTalk. Haz clic para decodificar. Para finalizar la decodificaci\u00f3n, aseg\u00farate de que JavaScript est\u00e1 activado en tu navegador.'>sa<span class=\"apbct-blur\">***<\/span>@<span class=\"apbct-blur\">********<\/span>sa.com<\/span><\/a> o a trav\u00e9s del tel\u00e9fono +1(631)833-4207. Estos derechos pueden incluir:  <\/p>\n\n\n\n<p>Acceso a tus datos.  <\/p>\n\n\n\n<p>Cambia o corrige tus datos.<\/p>\n\n\n\n<p>Restringir el tratamiento o eliminar tus datos.<\/p>\n\n\n\n<p>Oponerse al tratamiento.<\/p>\n\n\n\n<p>Portabilidad de los datos.<\/p>\n\n\n\n<p>No recibir comunicaciones.<\/p>\n\n\n\n<p>Derecho de oposici\u00f3n a la toma de decisiones automatizada.<\/p>\n\n\n\n<p>No recibir un trato discriminatorio por el ejercicio de tu derecho a la intimidad.<\/p>\n\n\n\n<p><strong>C\u00f3mo protegemos los datos personales<\/strong><\/p>\n\n\n\n<p>Aunque aplicamos medidas de seguridad dise\u00f1adas para proteger tu informaci\u00f3n, ning\u00fan sistema de seguridad es impenetrable y, debido a la naturaleza inherente de Internet, no podemos garantizar que los datos, durante su transmisi\u00f3n a trav\u00e9s de Internet o mientras est\u00e9n almacenados en nuestros sistemas o bajo nuestro cuidado, est\u00e9n absolutamente a salvo de intrusiones ajenas.<\/p>\n\n\n\n<p><strong>Nuestra pol\u00edtica hacia los menores<\/strong><\/p>\n\n\n\n<p>No recopilamos conscientemente informaci\u00f3n personal de personas f\u00edsicas menores de 18 a\u00f1os. Si tenemos conocimiento de que una persona f\u00edsica menor de 18 a\u00f1os nos ha proporcionado informaci\u00f3n personal, tomaremos medidas para eliminar dicha informaci\u00f3n. Si tienes conocimiento de que dicha persona nos ha proporcionado informaci\u00f3n personal, ponte en contacto con nosotros lo antes posible.  <\/p>\n\n\n\n<p><strong>Cambios en nuestra pol\u00edtica de privacidad<\/strong><\/p>\n\n\n\n<p>Podemos cambiar nuestra Pol\u00edtica de Privacidad de vez en cuando. Publicaremos la Pol\u00edtica de Privacidad actualizada en nuestro sitio web. <\/p>\n\n\n\n<p><strong>Informaci\u00f3n de contacto<\/strong><\/p>\n\n\n\n<p>Si tienes alguna pregunta o queja sobre esta Pol\u00edtica o quieres ejercer tus derechos relacionados con la protecci\u00f3n de datos, puedes comunicarte con nosotros en la direcci\u00f3n de correo electr\u00f3nico <a href=\"mailto:sa***@********sa.com\" data-original-string=\"GrDP6exQ0BWbqAVKkwwrkw==0de4FPHEuKi23KxxxrV30rCdpluTHPDun3BNF2CukVeJsI=\" title=\"Este contacto ha sido codificado por Anti-Spam by CleanTalk. Haz clic para decodificar. Para finalizar la decodificaci\u00f3n, aseg\u00farate de que JavaScript est\u00e1 activado en tu navegador.\"><span \n                data-original-string='jbULdTNqRp7DxmgFZzZgjw==0deeC9aRFuiSVknIPZ+d0ZxbMTrjPSrkRrKvI+EKry90vM='\n                class='apbct-email-encoder'\n                title='Este contacto ha sido codificado por Anti-Spam by CleanTalk. Haz clic para decodificar. Para finalizar la decodificaci\u00f3n, aseg\u00farate de que JavaScript est\u00e1 activado en tu navegador.'>sa<span class=\"apbct-blur\">***<\/span>@<span class=\"apbct-blur\">********<\/span>sa.com<\/span>,<\/a> por tel\u00e9fono en el +1(631)833-4207 o por correo postal en la direcci\u00f3n que aparece a continuaci\u00f3n:<\/p>\n\n\n\n<p>Infomir LLC<\/p>\n\n\n\n<p>2469 65 ST., STE. B4,<\/p>\n\n\n\n<p>BROOKLYN, NY, ESTADOS UNIDOS, 11204<\/p>\n<\/div>\n<\/div>\n<\/div>\n<\/div>\n","protected":false},"excerpt":{"rendered":"<p>Esta Pol\u00edtica de Privacidad es efectiva desde el 22 de agosto de 2022. Qu\u00e9 cubre esta p\u00f3liza Respetamos la confidencialidad de tus datos personales y tomamos medidas para salvaguardarlos. Esta Pol\u00edtica describe la informaci\u00f3n que recopilamos, c\u00f3mo la utilizamos y tus derechos en relaci\u00f3n con la informaci\u00f3n que recopilamos. Tambi\u00e9n utilizamos cookies y tecnolog\u00edas similares [&hellip;]<\/p>\n","protected":false},"author":1,"featured_media":0,"parent":0,"menu_order":0,"comment_status":"closed","ping_status":"closed","template":"","meta":{"_acf_changed":false,"om_disable_all_campaigns":false,"_monsterinsights_skip_tracking":false,"_monsterinsights_sitenote_active":false,"_monsterinsights_sitenote_note":"","_monsterinsights_sitenote_category":0,"footnotes":""},"class_list":["post-7077","page","type-page","status-publish","hentry"],"acf":[],"aioseo_notices":[],"_links":{"self":[{"href":"https:\/\/us.infomir.store\/es\/wp-json\/wp\/v2\/pages\/7077","targetHints":{"allow":["GET"]}}],"collection":[{"href":"https:\/\/us.infomir.store\/es\/wp-json\/wp\/v2\/pages"}],"about":[{"href":"https:\/\/us.infomir.store\/es\/wp-json\/wp\/v2\/types\/page"}],"author":[{"embeddable":true,"href":"https:\/\/us.infomir.store\/es\/wp-json\/wp\/v2\/users\/1"}],"replies":[{"embeddable":true,"href":"https:\/\/us.infomir.store\/es\/wp-json\/wp\/v2\/comments?post=7077"}],"version-history":[{"count":1,"href":"https:\/\/us.infomir.store\/es\/wp-json\/wp\/v2\/pages\/7077\/revisions"}],"predecessor-version":[{"id":7080,"href":"https:\/\/us.infomir.store\/es\/wp-json\/wp\/v2\/pages\/7077\/revisions\/7080"}],"wp:attachment":[{"href":"https:\/\/us.infomir.store\/es\/wp-json\/wp\/v2\/media?parent=7077"}],"curies":[{"name":"wp","href":"https:\/\/api.w.org\/{rel}","templated":true}]}}