{"id":7065,"date":"2022-07-21T16:19:04","date_gmt":"2022-07-21T20:19:04","guid":{"rendered":"https:\/\/us.infomir.store\/ponte-en-contacto-con\/"},"modified":"2025-06-27T05:45:55","modified_gmt":"2025-06-27T09:45:55","slug":"ponte-en-contacto-con","status":"publish","type":"page","link":"https:\/\/us.infomir.store\/es\/ponte-en-contacto-con\/","title":{"rendered":"Ponte en contacto con"},"content":{"rendered":"\n<div class=\"wp-block-columns container-page is-layout-flex wp-container-core-columns-is-layout-9d6595d7 wp-block-columns-is-layout-flex\">\n<div class=\"wp-block-column is-layout-flow wp-block-column-is-layout-flow\" style=\"flex-basis:100%\">\n<div class=\"wp-block-columns is-layout-flex wp-container-core-columns-is-layout-9d6595d7 wp-block-columns-is-layout-flex\">\n<div class=\"wp-block-column is-layout-flow wp-block-column-is-layout-flow\">\n<p><strong>Infomir LLC<\/strong><\/p>\n\n\n\n<p>174 Bay 49th Street<br\/>Brooklyn, NY 11214<\/p>\n\n\n\n<p>Regi\u00f3n: EEUU y Canad\u00e1<\/p>\n\n\n\n<a href=\"mailto:**@*****ir.com\" data-original-string=\"6yPECSfTpK1\/qUlnxNw+XQ==0dexn290+WSoDtoJfZFIh2CIw==\" title=\"Este contacto ha sido codificado por Anti-Spam by CleanTalk. Haz clic para decodificar. Para finalizar la decodificaci\u00f3n, aseg\u00farate de que JavaScript est\u00e1 activado en tu navegador.\" style=\"font-size: 24px; font-weight: bold; text-decoration: none; color: #000;\">\n  <span \n                data-original-string='f6OkrtxeAKeclf6staAF0A==0de78\/8huAyy1oc75kOB5Na8A=='\n                class='apbct-email-encoder'\n                title='Este contacto ha sido codificado por Anti-Spam by CleanTalk. Haz clic para decodificar. Para finalizar la decodificaci\u00f3n, aseg\u00farate de que JavaScript est\u00e1 activado en tu navegador.'><span class=\"apbct-blur\">**<\/span>@<span class=\"apbct-blur\">*****<\/span>ir.com<\/span>\n<\/a>\n\n<\/div>\n<\/div>\n<\/div>\n<\/div>\n<section class=\"cooperation\">\n    <div class=\"container-page\">\n        <ul class=\"cooperation__list\">\n                            <li class=\"cooperation__item\">\n                    <h4 class=\"cooperation__item-title\">\n                        Press center\n                    <\/h4>\n                    <span class=\"cooperation__item-text\">\n                        Are you interested in cooperation or advertising? \n                    <\/span>\n                    <a class=\"cooperation__item-link\" href=\"https:\/\/www.infomir.eu\/eng\/press-center\/\"><\/a>\n                <\/li>\n                    <\/ul>\n    <\/div>\n    <!-- \/.container -->\n<\/section>\n<!-- \/.cooperation --><section class=\"advantages\">\n    <div class=\"container\">\n        <ul class=\"advantages__list\">\n                            <li class=\"advantages__item\">\n                    <figure class=\"advantages__img\">\n                        <img loading=\"lazy\" decoding=\"async\" src=\"https:\/\/us.infomir.store\/wp-content\/uploads\/2022\/07\/Infomir-oficail.svg\" alt=\"\" width=\"32\" height=\"32\">\n                    <\/figure>\n                    <h4 class=\"advantages__text\">\n                        Infomir official dealer \n                    <\/h4>\n                <\/li>\n                            <li class=\"advantages__item\">\n                    <figure class=\"advantages__img\">\n                        <img loading=\"lazy\" decoding=\"async\" src=\"https:\/\/us.infomir.store\/wp-content\/uploads\/2022\/07\/Manufact_prices.svg\" alt=\"\" width=\"32\" height=\"32\">\n                    <\/figure>\n                    <h4 class=\"advantages__text\">\n                        Manufacturer\u2019s pricing \n                    <\/h4>\n                <\/li>\n                            <li class=\"advantages__item\">\n                    <figure class=\"advantages__img\">\n                        <img loading=\"lazy\" decoding=\"async\" src=\"https:\/\/us.infomir.store\/wp-content\/uploads\/2022\/07\/Operator-support.svg\" alt=\"\" width=\"32\" height=\"32\">\n                    <\/figure>\n                    <h4 class=\"advantages__text\">\n                        Expert tech support \n                    <\/h4>\n                <\/li>\n                            <li class=\"advantages__item\">\n                    <figure class=\"advantages__img\">\n                        <img loading=\"lazy\" decoding=\"async\" src=\"https:\/\/us.infomir.store\/wp-content\/uploads\/2022\/07\/1000_customers.svg\" alt=\"\" width=\"32\" height=\"32\">\n                    <\/figure>\n                    <h4 class=\"advantages__text\">\n                        Over 1,000 buyers \n                    <\/h4>\n                <\/li>\n                            <li class=\"advantages__item\">\n                    <figure class=\"advantages__img\">\n                        <img loading=\"lazy\" decoding=\"async\" src=\"https:\/\/us.infomir.store\/wp-content\/uploads\/2022\/07\/Fast_delivery-2.svg\" alt=\"\" width=\"32\" height=\"32\">\n                    <\/figure>\n                    <h4 class=\"advantages__text\">\n                        Fast delivery \n                    <\/h4>\n                <\/li>\n                            <li class=\"advantages__item\">\n                    <figure class=\"advantages__img\">\n                        <img loading=\"lazy\" decoding=\"async\" src=\"https:\/\/us.infomir.store\/wp-content\/uploads\/2022\/07\/Warranty_serv.svg\" alt=\"\" width=\"32\" height=\"32\">\n                    <\/figure>\n                    <h4 class=\"advantages__text\">\n                        Warranty and post-warranty service \n                    <\/h4>\n                <\/li>\n                    <\/ul>\n    <\/div>\n    <!-- \/.container -->\n<\/section>\n<!-- \/.advantages -->","protected":false},"excerpt":{"rendered":"<p>Infomir LLC 174 Bay 49th StreetBrooklyn, NY 11214 Regi\u00f3n: EEUU y Canad\u00e1 **@*****ir.com<\/p>\n","protected":false},"author":1,"featured_media":0,"parent":0,"menu_order":0,"comment_status":"closed","ping_status":"closed","template":"","meta":{"_acf_changed":false,"om_disable_all_campaigns":false,"_monsterinsights_skip_tracking":false,"_monsterinsights_sitenote_active":false,"_monsterinsights_sitenote_note":"","_monsterinsights_sitenote_category":0,"footnotes":""},"class_list":["post-7065","page","type-page","status-publish","hentry"],"acf":[],"aioseo_notices":[],"_links":{"self":[{"href":"https:\/\/us.infomir.store\/es\/wp-json\/wp\/v2\/pages\/7065","targetHints":{"allow":["GET"]}}],"collection":[{"href":"https:\/\/us.infomir.store\/es\/wp-json\/wp\/v2\/pages"}],"about":[{"href":"https:\/\/us.infomir.store\/es\/wp-json\/wp\/v2\/types\/page"}],"author":[{"embeddable":true,"href":"https:\/\/us.infomir.store\/es\/wp-json\/wp\/v2\/users\/1"}],"replies":[{"embeddable":true,"href":"https:\/\/us.infomir.store\/es\/wp-json\/wp\/v2\/comments?post=7065"}],"version-history":[{"count":2,"href":"https:\/\/us.infomir.store\/es\/wp-json\/wp\/v2\/pages\/7065\/revisions"}],"predecessor-version":[{"id":8545,"href":"https:\/\/us.infomir.store\/es\/wp-json\/wp\/v2\/pages\/7065\/revisions\/8545"}],"wp:attachment":[{"href":"https:\/\/us.infomir.store\/es\/wp-json\/wp\/v2\/media?parent=7065"}],"curies":[{"name":"wp","href":"https:\/\/api.w.org\/{rel}","templated":true}]}}